{"id":5,"date":"2008-03-15T23:47:08","date_gmt":"2008-03-15T22:47:08","guid":{"rendered":"http:\/\/www.sakatland.com\/Dev\/Lolilol\/?page_id=5"},"modified":"2014-10-13T14:49:41","modified_gmt":"2014-10-13T06:49:41","slug":"videos-sakatland","status":"publish","type":"page","link":"https:\/\/www.sakatland.com\/web\/?page_id=5","title":{"rendered":"Projets &lsquo;for fun&rsquo;"},"content":{"rendered":"<p>Dans cette section sont regroup\u00e9es les vid\u00e9os moins s\u00e9rieuses ou des d\u00e9buts de Sakatland.<\/p>\n<p>Le but est de r\u00e9aliser une id\u00e9e qui a \u00e9t\u00e9 lanc\u00e9e ; tout en passant un bon moment et sans vouloir la retravailler ind\u00e9finiment. Certaines vid\u00e9os sont improvis\u00e9es et achev\u00e9es en quelques heures (tournage et montage compris). D&rsquo;autres sont plus anciennes et donc les faibles moyens (tr\u00e9pied improvis\u00e9 par exemple) tout comme le manque de connaissances se ressentent facilement.<\/p>\n<p>Toutefois il faut bien commencer quelque part pour pouvoir progresser.<\/p>\n<p>Pour acc\u00e9der \u00e0 cette cat\u00e9gorie de vid\u00e9os : <a title=\"Projets fun\" href=\"http:\/\/www.sakatland.com\/web\/?cat=7\" target=\"_self\">cliquez ici<\/a>.<\/p>\n<p>Voici la liste des vid\u00e9os actuellement disponibles :<\/p>\n<p>&#8211; <a title=\"Perspectives\" href=\"http:\/\/www.sakatland.com\/web\/?p=551\" target=\"_self\">Daily Switzerland<\/a><br \/>\n&#8211; <a title=\"Perspectives\" href=\"http:\/\/www.sakatland.com\/web\/?p=537\" target=\"_self\">Perspectives<\/a><br \/>\n&#8211; <a title=\"(MTV) Study Hard\" href=\"http:\/\/www.sakatland.com\/web\/?p=529\" target=\"_self\">(MTV) Study Hard<\/a><br \/>\n&#8211; <a title=\"The crossroads\" href=\"http:\/\/www.sakatland.com\/web\/?p=451\" target=\"_self\">The crossroads<\/a><br \/>\n&#8211; <a title=\"Coucou\" href=\"http:\/\/www.sakatland.com\/web\/?p=430\" target=\"_self\">Coucou<\/a><br \/>\n&#8211; <a title=\"Chunjie\" href=\"http:\/\/www.sakatland.com\/web\/?p=420\" target=\"_self\">Chunjie<\/a><br \/>\n&#8211; <a title=\"Nakayoshi Koyoshi\" href=\"http:\/\/www.sakatland.com\/web\/?p=327\" target=\"_self\">Nakayoshi Koyoshi<\/a><br \/>\n&#8211; <a title=\"Youpla\" href=\"http:\/\/www.sakatland.com\/web\/?p=271\" target=\"_self\">Youpla<\/a><br \/>\n&#8211; <a title=\"Captain America Vs Megane Kyoudai\" href=\"http:\/\/www.sakatland.com\/web\/?p=260\" target=\"_self\">Captain America Vs Megane Kyoudai<\/a><br \/>\n&#8211; <a title=\"The Elevator\" href=\"http:\/\/www.sakatland.com\/web\/?p=174\" target=\"_self\">The Elevator<\/a><br \/>\n&#8211; <a title=\"VTS 08\" href=\"http:\/\/www.sakatland.com\/web\/?p=107\" target=\"_self\">Valais Tuning Show 08<\/a><br \/>\n&#8211; <a title=\"Dj Sakat : Casserolecore &amp; Raclettecore\" rel=\"bookmark\" href=\"http:\/\/www.sakatland.com\/web\/?p=33\" target=\"_self\">Dj Sakat &#8211; Raclettecore<\/a><br \/>\n&#8211; <a title=\"Don\u2019t Watch This\" rel=\"bookmark\" href=\"http:\/\/www.sakatland.com\/web\/?p=31\" target=\"_self\">Don\u2019t Watch This<\/a><br \/>\n&#8211; <a title=\"Le conte de f\u00e9es de Sakat &amp; Hietala\" rel=\"bookmark\" href=\"http:\/\/www.sakatland.com\/web\/?p=24\" target=\"_self\">Le conte de f\u00e9es de Sakat &amp; Hietala<\/a><br \/>\n&#8211; <a title=\"Hey Sexy Sakat\" rel=\"bookmark\" href=\"http:\/\/www.sakatland.com\/web\/?p=16\" target=\"_self\">Hey Sexy Sakat<\/a><br \/>\n&#8211; <a title=\"Sakatendo\" rel=\"bookmark\" href=\"http:\/\/www.sakatland.com\/web\/?p=15\" target=\"_self\">Sakatendo<\/a><br \/>\n&#8211; <a title=\"FLR\" href=\"http:\/\/www.sakatland.com\/web\/?p=394\" target=\"_self\">FLR<\/a><br \/>\n&#8211; <a title=\"Sakat of Defeat 1 &amp; 2\" rel=\"bookmark\" href=\"http:\/\/www.sakatland.com\/web\/?p=13\" target=\"_self\">Sakat of Defeat 1 &amp; 2<\/a><\/p>\n<p style=\"text-align: center;\"><img decoding=\"async\" src=\"http:\/\/www.sakatland.com\/pictures\/SoD_Groupe2.jpg\" alt=\"Sakat of Defeat\" \/><\/p>\n<p>Tournage de Sakat of Defeat II<\/p>\n<p>Photo : Pierre-Louis C\u00e9rutti<\/p>\n","protected":false},"excerpt":{"rendered":"<p>Dans cette section sont regroup\u00e9es les vid\u00e9os moins s\u00e9rieuses ou des d\u00e9buts de Sakatland. Le but est de r\u00e9aliser une id\u00e9e qui a \u00e9t\u00e9 lanc\u00e9e ; tout en passant un bon moment et sans vouloir la retravailler ind\u00e9finiment. Certaines vid\u00e9os sont improvis\u00e9es et achev\u00e9es en quelques heures (tournage et montage compris). D&rsquo;autres sont plus anciennes [&hellip;]<\/p>\n","protected":false},"author":1,"featured_media":0,"parent":3,"menu_order":4,"comment_status":"closed","ping_status":"closed","template":"","meta":{"ngg_post_thumbnail":0},"aioseo_notices":[],"_links":{"self":[{"href":"https:\/\/www.sakatland.com\/web\/index.php?rest_route=\/wp\/v2\/pages\/5"}],"collection":[{"href":"https:\/\/www.sakatland.com\/web\/index.php?rest_route=\/wp\/v2\/pages"}],"about":[{"href":"https:\/\/www.sakatland.com\/web\/index.php?rest_route=\/wp\/v2\/types\/page"}],"author":[{"embeddable":true,"href":"https:\/\/www.sakatland.com\/web\/index.php?rest_route=\/wp\/v2\/users\/1"}],"replies":[{"embeddable":true,"href":"https:\/\/www.sakatland.com\/web\/index.php?rest_route=%2Fwp%2Fv2%2Fcomments&post=5"}],"version-history":[{"count":19,"href":"https:\/\/www.sakatland.com\/web\/index.php?rest_route=\/wp\/v2\/pages\/5\/revisions"}],"predecessor-version":[{"id":553,"href":"https:\/\/www.sakatland.com\/web\/index.php?rest_route=\/wp\/v2\/pages\/5\/revisions\/553"}],"up":[{"embeddable":true,"href":"https:\/\/www.sakatland.com\/web\/index.php?rest_route=\/wp\/v2\/pages\/3"}],"wp:attachment":[{"href":"https:\/\/www.sakatland.com\/web\/index.php?rest_route=%2Fwp%2Fv2%2Fmedia&parent=5"}],"curies":[{"name":"wp","href":"https:\/\/api.w.org\/{rel}","templated":true}]}}