{"id":8,"date":"2008-03-15T23:54:21","date_gmt":"2008-03-15T22:54:21","guid":{"rendered":"http:\/\/www.sakatland.com\/Dev\/Lolilol\/?page_id=8"},"modified":"2017-05-15T02:33:08","modified_gmt":"2017-05-14T18:33:08","slug":"toutes-les-videos","status":"publish","type":"page","link":"http:\/\/www.sakatland.com\/web\/?page_id=8","title":{"rendered":"Tous les projets"},"content":{"rendered":"<p>Dans cette section sont regroup\u00e9es toutes les vid\u00e9os r\u00e9alis\u00e9es par Sakatland :<\/p>\n<p>Les courts-m\u00e9trages plus appliqu\u00e9s et aboutis de Sakatland ainsi que ceux moins s\u00e9rieux ou de nos d\u00e9buts.<\/p>\n<p>&nbsp;<\/p>\n<p>Voici la liste des vid\u00e9os actuellement disponibles :<\/p>\n<p>&#8211; <a title=\"InternsInBeijing\" href=\"http:\/\/www.sakatland.com\/web\/?p=683\" target=\"_self\">(Promotion Clip) InternsInBeijing<\/a><br \/>\n&#8211; <a title=\"Tutu\" href=\"http:\/\/www.sakatland.com\/web\/?p=665\" target=\"_self\">Le Tutu<\/a><br \/>\n&#8211; <a title=\"Rupture 2015\" href=\"http:\/\/www.sakatland.com\/web\/?p=635\" target=\"_self\">Rupture 2015<\/a><br \/>\n&#8211; <a title=\"Exercice d'\u00e9clairage\" href=\"http:\/\/www.sakatland.com\/web\/?p=573\" target=\"_self\">Exercice d&rsquo;\u00e9clairage<\/a><br \/>\n&#8211; <a title=\"La Viticulture Heroique\" href=\"http:\/\/www.sakatland.com\/web\/?p=558\" target=\"_self\">La Viticulture H\u00e9ro\u00efque<\/a><br \/>\n&#8211; <a title=\"Perspectives\" href=\"http:\/\/www.sakatland.com\/web\/?p=551\" target=\"_self\">Daily Switzerland<\/a><br \/>\n&#8211; <a title=\"Perspectives\" href=\"http:\/\/www.sakatland.com\/web\/?p=537\" target=\"_self\">Perspectives<\/a><br \/>\n&#8211; <a title=\"(MTV) Study Hard\" href=\"http:\/\/www.sakatland.com\/web\/?p=529\" target=\"_self\">(MTV) Study Hard<\/a><br \/>\n&#8211; <a title=\"Donkey Hamburger\" href=\"http:\/\/www.sakatland.com\/web\/?p=521\" target=\"_self\">Donkey Hamburger<\/a><br \/>\n&#8211; <a title=\"(CM) A better world\" href=\"http:\/\/www.sakatland.com\/web\/?p=511\" target=\"_self\">(CM) A better world<\/a><br \/>\n&#8211; <a title=\"(MTV) I Love Death\" href=\"http:\/\/www.sakatland.com\/web\/?p=497\" target=\"_self\">(MTV) I Love Death<\/a><br \/>\n&#8211; <a title=\"The crossroads\" href=\"http:\/\/www.sakatland.com\/web\/?p=451\" target=\"_self\">The crossroads<\/a><br \/>\n&#8211; <a title=\"Coucou\" href=\"http:\/\/www.sakatland.com\/web\/?p=430\" target=\"_self\">Coucou<\/a><br \/>\n&#8211; <a title=\"Chunjie\" href=\"http:\/\/www.sakatland.com\/web\/?p=420\" target=\"_self\">Chunjie<\/a><br \/>\n&#8211; <a title=\"33.2\" href=\"http:\/\/www.sakatland.com\/web\/?p=374\" target=\"_self\">33.2<\/a><br \/>\n&#8211; <a title=\"Washlet no Y\u00fbrei\" href=\"http:\/\/www.sakatland.com\/web\/?p=347\" target=\"_self\">Washlet no Y\u00fbrei<\/a><br \/>\n&#8211; <a title=\"Nakayoshi Koyoshi\" href=\"http:\/\/www.sakatland.com\/web\/?p=327\" target=\"_self\">Nakayoshi Koyoshi<\/a><br \/>\n&#8211; <a title=\"Youpla\" href=\"http:\/\/www.sakatland.com\/web\/?p=271\" target=\"_self\">Youpla<\/a><br \/>\n&#8211; <a title=\"Captain America Vs Megane Kyoudai\" href=\"http:\/\/www.sakatland.com\/web\/?p=260\" target=\"_self\">Captain America Vs Megane Kyoudai<\/a><br \/>\n&#8211; <a title=\"Yasumi\" href=\"http:\/\/www.sakatland.com\/web\/?p=244\" target=\"_self\">Yasumi<\/a><br \/>\n&#8211; <a title=\"The Elevator\" href=\"http:\/\/www.sakatland.com\/web\/?p=174\" target=\"_self\">The Elevator<\/a><br \/>\n&#8211; <a title=\"Nipponisation\" href=\"http:\/\/www.sakatland.com\/web\/?p=47\" target=\"_self\">Nipponisation<\/a><br \/>\n&#8211; <a title=\"VTS 08\" href=\"http:\/\/www.sakatland.com\/web\/?p=107\" target=\"_self\">Valais Tuning Show 08<\/a><br \/>\n&#8211; <a title=\"Rupture\" href=\"http:\/\/www.sakatland.com\/web\/?p=49\" target=\"_self\" rel=\"bookmark\">Rupture<\/a><br \/>\n&#8211; <a title=\"\u30c9\u30d6\u30eb\u30de\u30e9\u30c9\u30ca\u30b9\u30d1\u30ad\u30af\" href=\"http:\/\/www.sakatland.com\/web\/?p=30\" target=\"_self\" rel=\"bookmark\">\u30c9\u30d6\u30eb\u30de\u30e9\u30c9\u30ca\u30b9\u30d1\u30ad\u30af (Double Maradona Super Kick)<\/a><br \/>\n&#8211;<a title=\"The Wild Snowboarder Of The Extreme\" href=\"http:\/\/www.sakatland.com\/web\/?p=29\" target=\"_self\" rel=\"bookmark\"> The Wild Snowboarder Of The Extreme<\/a><br \/>\n&#8211; <a title=\"Gen\u00e8ve, ma ville et son jet d\u2019eau\" href=\"http:\/\/www.sakatland.com\/web\/?p=28\" target=\"_self\" rel=\"bookmark\">Gen\u00e8ve, ma ville et son jet d\u2019eau<\/a><br \/>\n&#8211; <a title=\"C\u2019est Pas Sakat\" href=\"http:\/\/www.sakatland.com\/web\/?p=26\" target=\"_self\" rel=\"bookmark\">C\u2019est Pas Sakat<\/a><br \/>\n&#8211; <a title=\"Kamikaze, Le vent divin\" href=\"http:\/\/www.sakatland.com\/web\/?p=27\" target=\"_self\" rel=\"bookmark\">Kamikaze, Le vent divin<\/a><br \/>\n&#8211; <a title=\"Deltalan XVI\" href=\"http:\/\/www.sakatland.com\/web\/?p=25\" target=\"_self\" rel=\"bookmark\">Deltalan XVI<\/a><br \/>\n&#8211; <a title=\"Lakeparade 2006\" href=\"http:\/\/www.sakatland.com\/web\/?p=23\" target=\"_self\" rel=\"bookmark\">Lakeparade 2006<\/a><br \/>\n&#8211; <a title=\"Travail de Maturit\u00e9\" href=\"http:\/\/www.sakatland.com\/web\/?p=22\" target=\"_self\" rel=\"bookmark\">Travail de Maturit\u00e9<\/a><br \/>\n&#8211; <a title=\"Dj Sakat : Casserolecore &amp; Raclettecore\" href=\"http:\/\/www.sakatland.com\/web\/?p=33\" target=\"_self\" rel=\"bookmark\">Dj Sakat &#8211; Raclettecore<\/a><br \/>\n&#8211; <a title=\"Don\u2019t Watch This\" href=\"http:\/\/www.sakatland.com\/web\/?p=31\" target=\"_self\" rel=\"bookmark\">Don\u2019t Watch This<\/a><br \/>\n&#8211; <a title=\"Le conte de f\u00e9es de Sakat &amp; Hietala\" href=\"http:\/\/www.sakatland.com\/web\/?p=24\" target=\"_self\" rel=\"bookmark\">Le conte de f\u00e9es de Sakat &amp; Hietala<\/a><br \/>\n&#8211; <a title=\"Hey Sexy Sakat\" href=\"http:\/\/www.sakatland.com\/web\/?p=16\" target=\"_self\" rel=\"bookmark\">Hey Sexy Sakat<\/a><br \/>\n&#8211; <a title=\"Sakatendo\" href=\"http:\/\/www.sakatland.com\/web\/?p=15\" target=\"_self\" rel=\"bookmark\">Sakatendo<\/a><br \/>\n&#8211; <a title=\"FLR\" href=\"http:\/\/www.sakatland.com\/web\/?p=394\" target=\"_self\">FLR<\/a><br \/>\n&#8211; <a title=\"Sakat of Defeat 1 &amp; 2\" href=\"http:\/\/www.sakatland.com\/web\/?p=13\" target=\"_self\" rel=\"bookmark\">Sakat of Defeat 1 &amp; 2<\/a><\/p>\n<p style=\"text-align: center;\"><img decoding=\"async\" src=\"http:\/\/www.sakatland.com\/pictures\/DWT_Baptiste.jpg\" alt=\"DWT Baptiste\" \/><\/p>\n<p style=\"text-align: center;\">Tournage de Don&rsquo;t Watch This<\/p>\n<p style=\"text-align: center;\">Photo : Danny Gaillard<\/p>\n","protected":false},"excerpt":{"rendered":"<p>Dans cette section sont regroup\u00e9es toutes les vid\u00e9os r\u00e9alis\u00e9es par Sakatland : Les courts-m\u00e9trages plus appliqu\u00e9s et aboutis de Sakatland ainsi que ceux moins s\u00e9rieux ou de nos d\u00e9buts. &nbsp; Voici la liste des vid\u00e9os actuellement disponibles : &#8211; (Promotion Clip) InternsInBeijing &#8211; Le Tutu &#8211; Rupture 2015 &#8211; Exercice d&rsquo;\u00e9clairage &#8211; La Viticulture H\u00e9ro\u00efque [&hellip;]<\/p>\n","protected":false},"author":1,"featured_media":0,"parent":3,"menu_order":5,"comment_status":"closed","ping_status":"closed","template":"","meta":{"ngg_post_thumbnail":0},"aioseo_notices":[],"_links":{"self":[{"href":"http:\/\/www.sakatland.com\/web\/index.php?rest_route=\/wp\/v2\/pages\/8"}],"collection":[{"href":"http:\/\/www.sakatland.com\/web\/index.php?rest_route=\/wp\/v2\/pages"}],"about":[{"href":"http:\/\/www.sakatland.com\/web\/index.php?rest_route=\/wp\/v2\/types\/page"}],"author":[{"embeddable":true,"href":"http:\/\/www.sakatland.com\/web\/index.php?rest_route=\/wp\/v2\/users\/1"}],"replies":[{"embeddable":true,"href":"http:\/\/www.sakatland.com\/web\/index.php?rest_route=%2Fwp%2Fv2%2Fcomments&post=8"}],"version-history":[{"count":39,"href":"http:\/\/www.sakatland.com\/web\/index.php?rest_route=\/wp\/v2\/pages\/8\/revisions"}],"predecessor-version":[{"id":687,"href":"http:\/\/www.sakatland.com\/web\/index.php?rest_route=\/wp\/v2\/pages\/8\/revisions\/687"}],"up":[{"embeddable":true,"href":"http:\/\/www.sakatland.com\/web\/index.php?rest_route=\/wp\/v2\/pages\/3"}],"wp:attachment":[{"href":"http:\/\/www.sakatland.com\/web\/index.php?rest_route=%2Fwp%2Fv2%2Fmedia&parent=8"}],"curies":[{"name":"wp","href":"https:\/\/api.w.org\/{rel}","templated":true}]}}