{"id":4,"date":"2008-03-15T23:45:32","date_gmt":"2008-03-15T22:45:32","guid":{"rendered":"http:\/\/www.sakatland.com\/Dev\/Lolilol\/videos\/videos-sakat\/"},"modified":"2017-05-15T02:33:06","modified_gmt":"2017-05-14T18:33:06","slug":"videos-sakat","status":"publish","type":"page","link":"http:\/\/www.sakatland.com\/web\/?page_id=4","title":{"rendered":"Projets \u2018s\u00e9rieux&rsquo;"},"content":{"rendered":"<p>Dans cette section sont regroup\u00e9s les courts-m\u00e9trages plus appliqu\u00e9s et abouties de Sakatland.<\/p>\n<p>Le but est de prendre le projet au s\u00e9rieux du d\u00e9but jusqu&rsquo;\u00e0 la fin ; que cela soit au niveau de l&rsquo;\u00e9criture du sc\u00e9nario, du montage ou de toute autre \u00e9tape comprise dans la r\u00e9alisation. De sorte que le r\u00e9sultat d\u00e9passe le stade \u00ab\u00a0d\u00e9lire entre amis\u00a0\u00bb.<\/p>\n<p>Toutefois il n&rsquo;y aurait non plus pas d&rsquo;int\u00e9r\u00eat \u00e0 r\u00e9aliser un court-m\u00e9trage sans y prendre du plaisir. C&rsquo;est pourquoi les sujets abord\u00e9s peuvent \u00eatre s\u00e9rieux mais aussi humoristiques voir d\u00e9cal\u00e9s.<\/p>\n<p>Pour acc\u00e9der \u00e0 cette cat\u00e9gorie de vid\u00e9os : <a title=\"Projets s\u00e9rieux\" href=\"http:\/\/www.sakatland.com\/web\/?cat=6\" target=\"_self\">cliquez ici.<\/a><\/p>\n<p>Voici la liste des vid\u00e9os actuellement disponibles :<\/p>\n<p>&#8211; <a title=\"InternsInBeijing\" href=\"http:\/\/www.sakatland.com\/web\/?p=683\" target=\"_self\">(Promotion Clip) InternsInBeijing<\/a><br \/>\n&#8211; <a title=\"Tutu\" href=\"http:\/\/www.sakatland.com\/web\/?p=665\" target=\"_self\">Le Tutu<\/a><br \/>\n&#8211; <a title=\"Rupture 2015\" href=\"http:\/\/www.sakatland.com\/web\/?p=635\" target=\"_self\">Rupture 2015<\/a><br \/>\n&#8211; <a title=\"Exercice d'\u00e9clairage\" href=\"http:\/\/www.sakatland.com\/web\/?p=573\" target=\"_self\">Exercice d&rsquo;\u00e9clairage<\/a><br \/>\n&#8211; <a title=\"La Viticulture Heroique\" href=\"http:\/\/www.sakatland.com\/web\/?p=558\" target=\"_self\">La Viticulture H\u00e9ro\u00efque<\/a><br \/>\n&#8211; <a title=\"Donkey Hamburger\" href=\"http:\/\/www.sakatland.com\/web\/?p=521\" target=\"_self\">Donkey Hamburger<\/a><br \/>\n&#8211; <a title=\"(CM) A better world\" href=\"http:\/\/www.sakatland.com\/web\/?p=511\" target=\"_self\">(CM) A better world<\/a><br \/>\n&#8211; <a title=\"(MTV) I Love Death\" href=\"http:\/\/www.sakatland.com\/web\/?p=497\" target=\"_self\">(MTV) I Love Death<\/a><br \/>\n&#8211; <a title=\"33.2\" href=\"http:\/\/www.sakatland.com\/web\/?p=374\" target=\"_self\">33.2<\/a><br \/>\n&#8211; <a title=\"Washlet no Y\u00fbrei\" href=\"http:\/\/www.sakatland.com\/web\/?p=347\" target=\"_self\">Washlet no Y\u00fbrei<\/a><br \/>\n&#8211; <a title=\"Yasumi\" href=\"http:\/\/www.sakatland.com\/web\/?p=244\" target=\"_self\">Yasumi<\/a><br \/>\n&#8211; <a title=\"Nipponisation\" href=\"http:\/\/www.sakatland.com\/web\/?p=47\" target=\"_self\">Nipponisation<\/a><br \/>\n&#8211; <a title=\"Rupture\" href=\"http:\/\/www.sakatland.com\/web\/?p=49\" target=\"_self\">Rupture<\/a><br \/>\n&#8211; <a title=\"\u30c9\u30d6\u30eb\u30de\u30e9\u30c9\u30ca\u30b9\u30d1\u30ad\u30af\" href=\"http:\/\/www.sakatland.com\/web\/?p=30\" target=\"_self\" rel=\"bookmark\">\u30c9\u30d6\u30eb\u30de\u30e9\u30c9\u30ca\u30b9\u30d1\u30ad\u30af (Double Maradona Super Kick)<\/a><br \/>\n&#8211;<a title=\"The Wild Snowboarder Of The Extreme\" href=\"http:\/\/www.sakatland.com\/web\/?p=29\" target=\"_self\" rel=\"bookmark\"> The Wild Snowboarder Of The Extreme<\/a><br \/>\n&#8211; <a title=\"Gen\u00e8ve, ma ville et son jet d\u2019eau\" href=\"http:\/\/www.sakatland.com\/web\/?p=28\" target=\"_self\" rel=\"bookmark\">Gen\u00e8ve, ma ville et son jet d\u2019eau<\/a><a title=\"Liens permanent vers C\u2019est Pas Sakat\" href=\"http:\/\/www.sakatland.com\/web\/\/?p=26\" rel=\"bookmark\"><br \/>\n<\/a>&#8211; <a title=\"C\u2019est Pas Sakat\" href=\"http:\/\/www.sakatland.com\/web\/?p=26\" target=\"_self\" rel=\"bookmark\">C\u2019est Pas Sakat<\/a><br \/>\n&#8211; <a title=\"Kamikaze, Le vent divin\" href=\"http:\/\/www.sakatland.com\/web\/?p=27\" target=\"_self\" rel=\"bookmark\">Kamikaze, Le vent divin<\/a><br \/>\n&#8211; <a title=\"Deltalan XVI\" href=\"http:\/\/www.sakatland.com\/web\/?p=25\" target=\"_self\" rel=\"bookmark\">Deltalan XVI<\/a><br \/>\n&#8211; <a title=\"Lakeparade 2006\" href=\"http:\/\/www.sakatland.com\/web\/?p=23\" target=\"_self\" rel=\"bookmark\">Lakeparade 2006<\/a><br \/>\n&#8211; <a title=\"Travail de Maturit\u00e9\" href=\"http:\/\/www.sakatland.com\/web\/?p=22\" target=\"_self\" rel=\"bookmark\">Travail de Maturit\u00e9<\/a><\/p>\n<p style=\"text-align: center;\"><img decoding=\"async\" src=\"http:\/\/www.sakatland.com\/pictures\/DWT_Sakat.jpg\" alt=\"Sakat@DWT\" \/><\/p>\n<p style=\"text-align: center;\">Tournage de Don&rsquo;t Watch This<\/p>\n<p style=\"text-align: center;\">Photo : Benoit Eberl\u00e9<\/p>\n","protected":false},"excerpt":{"rendered":"<p>Dans cette section sont regroup\u00e9s les courts-m\u00e9trages plus appliqu\u00e9s et abouties de Sakatland. Le but est de prendre le projet au s\u00e9rieux du d\u00e9but jusqu&rsquo;\u00e0 la fin ; que cela soit au niveau de l&rsquo;\u00e9criture du sc\u00e9nario, du montage ou de toute autre \u00e9tape comprise dans la r\u00e9alisation. De sorte que le r\u00e9sultat d\u00e9passe le [&hellip;]<\/p>\n","protected":false},"author":1,"featured_media":0,"parent":3,"menu_order":3,"comment_status":"closed","ping_status":"closed","template":"","meta":{"ngg_post_thumbnail":0},"aioseo_notices":[],"_links":{"self":[{"href":"http:\/\/www.sakatland.com\/web\/index.php?rest_route=\/wp\/v2\/pages\/4"}],"collection":[{"href":"http:\/\/www.sakatland.com\/web\/index.php?rest_route=\/wp\/v2\/pages"}],"about":[{"href":"http:\/\/www.sakatland.com\/web\/index.php?rest_route=\/wp\/v2\/types\/page"}],"author":[{"embeddable":true,"href":"http:\/\/www.sakatland.com\/web\/index.php?rest_route=\/wp\/v2\/users\/1"}],"replies":[{"embeddable":true,"href":"http:\/\/www.sakatland.com\/web\/index.php?rest_route=%2Fwp%2Fv2%2Fcomments&post=4"}],"version-history":[{"count":18,"href":"http:\/\/www.sakatland.com\/web\/index.php?rest_route=\/wp\/v2\/pages\/4\/revisions"}],"predecessor-version":[{"id":686,"href":"http:\/\/www.sakatland.com\/web\/index.php?rest_route=\/wp\/v2\/pages\/4\/revisions\/686"}],"up":[{"embeddable":true,"href":"http:\/\/www.sakatland.com\/web\/index.php?rest_route=\/wp\/v2\/pages\/3"}],"wp:attachment":[{"href":"http:\/\/www.sakatland.com\/web\/index.php?rest_route=%2Fwp%2Fv2%2Fmedia&parent=4"}],"curies":[{"name":"wp","href":"https:\/\/api.w.org\/{rel}","templated":true}]}}